{"id":54602,"date":"2020-02-18T14:43:25","date_gmt":"2020-02-18T14:43:25","guid":{"rendered":"http:\/\/www.monicanaranjou.info\/?page_id=54602"},"modified":"2025-12-26T16:46:30","modified_gmt":"2025-12-26T16:46:30","slug":"about","status":"publish","type":"page","link":"https:\/\/www.monicanaranjou.info\/de\/about\/","title":{"rendered":"Info"},"content":{"rendered":"<div class=\"wpb-content-wrapper\"><p>[vc_row row_height_percent=&#8220;0&#8243; override_padding=&#8220;yes&#8220; h_padding=&#8220;2&#8243; top_padding=&#8220;2&#8243; bottom_padding=&#8220;0&#8243; overlay_alpha=&#8220;50&#8243; gutter_size=&#8220;3&#8243; column_width_percent=&#8220;45&#8243; shift_y=&#8220;0&#8243; shift_y_fixed=&#8220;yes&#8220; z_index=&#8220;0&#8243;][vc_column column_width_percent=&#8220;100&#8243; position_horizontal=&#8220;left&#8220; gutter_size=&#8220;1&#8243; overlay_alpha=&#8220;50&#8243; shift_x=&#8220;0&#8243; shift_y=&#8220;0&#8243; shift_y_down=&#8220;0&#8243; z_index=&#8220;0&#8243; medium_width=&#8220;0&#8243; mobile_width=&#8220;0&#8243;][vc_column_text]<\/p>\n<p style=\"text-align: left;\"><span class=\"font-466505\">Mi trabajo parte de un inter\u00e9s por la experiencia \u00edntima en el territorio y su representaci\u00f3n. En los \u00faltimos a\u00f1os me he centrado en la geolog\u00eda, buscando una manera de entender los lugares desde su condici\u00f3n f\u00edsica, m\u00e1s all\u00e1 de sus l\u00edmites pol\u00edticos. Encuentro un gran potencial po\u00e9tico en el lenguaje cient\u00edfico, y como sus descripciones evocan un mundo m\u00e1s all\u00e1 de nuestra percepci\u00f3n inmediata, cercano a la ficci\u00f3n. Y como parad\u00f3jicamente a trav\u00e9s de ella, podemos entender de una manera m\u00e1s profunda nuestro entorno natural. Elijo territorios espec\u00edficos como objeto de estudio para mi proceso de investigaci\u00f3n y creaci\u00f3n, creyendo que la experiencia directa en cada locaci\u00f3n geogr\u00e1fica detona ciertas reflexiones necesarias para la comprensi\u00f3n de un todo com\u00fan. Utilizo diferentes medios, como el dibujo, la narraci\u00f3n visual a trav\u00e9s de publicaciones, la instalaci\u00f3n o intervenciones ef\u00edmeras en el paisaje, como posibilidades para escenificar de manera po\u00e9tica estas ficciones.<\/span><\/p>\n<p>[\/vc_column_text][\/vc_column][\/vc_row][vc_row row_height_percent=&#8220;0&#8243; override_padding=&#8220;yes&#8220; h_padding=&#8220;2&#8243; top_padding=&#8220;2&#8243; bottom_padding=&#8220;0&#8243; overlay_alpha=&#8220;50&#8243; gutter_size=&#8220;3&#8243; column_width_percent=&#8220;45&#8243; shift_y=&#8220;0&#8243; shift_y_fixed=&#8220;yes&#8220; z_index=&#8220;0&#8243;][vc_column column_width_percent=&#8220;100&#8243; position_horizontal=&#8220;left&#8220; gutter_size=&#8220;1&#8243; overlay_alpha=&#8220;50&#8243; shift_x=&#8220;0&#8243; shift_y=&#8220;0&#8243; shift_y_down=&#8220;0&#8243; z_index=&#8220;0&#8243; medium_width=&#8220;0&#8243; mobile_width=&#8220;0&#8243;][vc_column_text]<span class=\"font-466505\">Descargar portafolio <a href=\"http:\/\/www.monicanaranjou.info\/wp-content\/uploads\/2020\/02\/Monica-Naranjo-U_2020.pdf\" target=\"_blank\" rel=\"noopener noreferrer\">AQU\u00cd<\/a>\u00a0\u00a0<\/span>[\/vc_column_text][\/vc_column][\/vc_row][vc_row row_height_percent=&#8220;0&#8243; override_padding=&#8220;yes&#8220; h_padding=&#8220;2&#8243; top_padding=&#8220;0&#8243; bottom_padding=&#8220;2&#8243; overlay_alpha=&#8220;50&#8243; gutter_size=&#8220;3&#8243; column_width_percent=&#8220;45&#8243; shift_y=&#8220;0&#8243; shift_y_fixed=&#8220;yes&#8220; z_index=&#8220;0&#8243;][vc_column column_width_percent=&#8220;100&#8243; position_horizontal=&#8220;left&#8220; gutter_size=&#8220;1&#8243; overlay_alpha=&#8220;50&#8243; shift_x=&#8220;0&#8243; shift_y=&#8220;0&#8243; shift_y_down=&#8220;0&#8243; z_index=&#8220;0&#8243; medium_width=&#8220;0&#8243; mobile_width=&#8220;0&#8243;][vc_column_text]<span class=\"font-466505\">Contacto: Ver portafolio<br \/>\nCV <a href=\"http:\/\/www.monicanaranjou.info\/cv\/\">AQU\u00cd<\/a><br \/>\n<\/span><\/p>\n<p><span class=\"font-466505\">Creadora de <a href=\"http:\/\/www.nomada-ediciones.com\/\" target=\"_blank\" rel=\"noopener noreferrer\">N\u00f3mada Ediciones<\/a><br \/>\nEditorial independiente enfocada en narrativa visual sobre lugares\u00a0<\/span>[\/vc_column_text][\/vc_column][\/vc_row]<\/p>\n<\/div>","protected":false},"excerpt":{"rendered":"<p>[vc_row row_height_percent=&#8220;0&#8243; override_padding=&#8220;yes&#8220; h_padding=&#8220;2&#8243; top_padding=&#8220;2&#8243; bottom_padding=&#8220;0&#8243; overlay_alpha=&#8220;50&#8243; gutter_size=&#8220;3&#8243; column_width_percent=&#8220;45&#8243; shift_y=&#8220;0&#8243; shift_y_fixed=&#8220;yes&#8220; z_index=&#8220;0&#8243;][vc_column column_width_percent=&#8220;100&#8243; position_horizontal=&#8220;left&#8220; gutter_size=&#8220;1&#8243; overlay_alpha=&#8220;50&#8243; shift_x=&#8220;0&#8243; shift_y=&#8220;0&#8243; shift_y_down=&#8220;0&#8243; z_index=&#8220;0&#8243; [&hellip;]<\/p>\n","protected":false},"author":1,"featured_media":0,"parent":0,"menu_order":0,"comment_status":"closed","ping_status":"closed","template":"","meta":{"footnotes":""},"_links":{"self":[{"href":"https:\/\/www.monicanaranjou.info\/de\/wp-json\/wp\/v2\/pages\/54602"}],"collection":[{"href":"https:\/\/www.monicanaranjou.info\/de\/wp-json\/wp\/v2\/pages"}],"about":[{"href":"https:\/\/www.monicanaranjou.info\/de\/wp-json\/wp\/v2\/types\/page"}],"author":[{"embeddable":true,"href":"https:\/\/www.monicanaranjou.info\/de\/wp-json\/wp\/v2\/users\/1"}],"replies":[{"embeddable":true,"href":"https:\/\/www.monicanaranjou.info\/de\/wp-json\/wp\/v2\/comments?post=54602"}],"version-history":[{"count":27,"href":"https:\/\/www.monicanaranjou.info\/de\/wp-json\/wp\/v2\/pages\/54602\/revisions"}],"predecessor-version":[{"id":56244,"href":"https:\/\/www.monicanaranjou.info\/de\/wp-json\/wp\/v2\/pages\/54602\/revisions\/56244"}],"wp:attachment":[{"href":"https:\/\/www.monicanaranjou.info\/de\/wp-json\/wp\/v2\/media?parent=54602"}],"curies":[{"name":"wp","href":"https:\/\/api.w.org\/{rel}","templated":true}]}}